{"id":13,"date":"2013-04-02T19:51:50","date_gmt":"2013-04-02T17:51:50","guid":{"rendered":"http:\/\/www.gecongmbh.de\/?page_id=13"},"modified":"2018-07-20T19:28:07","modified_gmt":"2018-07-20T17:28:07","slug":"leistungen","status":"publish","type":"page","link":"https:\/\/gecongmbh.de\/?page_id=13","title":{"rendered":"Leistungen"},"content":{"rendered":"<p><span style=\"line-height: 1.7;\"><h6 class=\"section-title\">Leistungen<\/h6><hr class><ul class=\"post-carousel clearfix hyphenate\" data-auto=\"0\" data-scroll_count=\"1\"><li>\n\n\t\t\n\t<a href=\"http:\/\/www.gecongmbh.de\/?page_id=13\" title=\"Ingenieurplanung\">\n\t\t<div class=\"leistungThumbnail\" style=\"background-image:url('https:\/\/gecongmbh.de\/wp-content\/uploads\/2013\/08\/icon-planung.png')\"><\/div>\n\t<\/a>\n\n\n<div class=\"entry-body\">\n\t<a href=\"http:\/\/www.gecongmbh.de\/?page_id=13\" title=\"Ingenieurplanung\" rel=\"bookmark\">\n\t\t<h1 class=\"title\">Ingenieurplanung<\/h1>\n\t<\/a>\n\n\tTechnische Planung nach HOAI \u00fcber die Leistungsphasen 1 bis 9.\n<\/div><!-- end .entry-body -->\n\n<div class=\"entry-meta hide\">\n\n\t<a href=\"http:\/\/www.gecongmbh.de\/?page_id=13\" title=\"Permalink to Ingenieurplanung\" rel=\"bookmark\"><span class=\"post-format \">Permalink<\/span><\/a>\n<\/div><\/li><li>\n\n\t\t\n\t<a href=\"http:\/\/www.gecongmbh.de\/?page_id=13\" title=\"Bauleitung\">\n\t\t<div class=\"leistungThumbnail\" style=\"background-image:url('https:\/\/gecongmbh.de\/wp-content\/uploads\/2013\/08\/icon-bauleitung.png')\"><\/div>\n\t<\/a>\n\n\n<div class=\"entry-body\">\n\t<a href=\"http:\/\/www.gecongmbh.de\/?page_id=13\" title=\"Bauleitung\" rel=\"bookmark\">\n\t\t<h1 class=\"title\">Bauleitung<\/h1>\n\t<\/a>\n\n\tZuverl\u00e4ssige Fachbauleitung bei der technischen Geb\u00e4udeausr\u00fcstung und im Brandschutz.\n<\/div><!-- end .entry-body -->\n\n<div class=\"entry-meta hide\">\n\n\t<a href=\"http:\/\/www.gecongmbh.de\/?page_id=13\" title=\"Permalink to Bauleitung\" rel=\"bookmark\"><span class=\"post-format \">Permalink<\/span><\/a>\n<\/div><\/li><li>\n\n\t\t\n\t<a href=\"http:\/\/www.gecongmbh.de\/?page_id=13\" title=\"Beratung\">\n\t\t<div class=\"leistungThumbnail\" style=\"background-image:url('https:\/\/gecongmbh.de\/wp-content\/uploads\/2013\/08\/icon-beratung.png')\"><\/div>\n\t<\/a>\n\n\n<div class=\"entry-body\">\n\t<a href=\"http:\/\/www.gecongmbh.de\/?page_id=13\" title=\"Beratung\" rel=\"bookmark\">\n\t\t<h1 class=\"title\">Beratung<\/h1>\n\t<\/a>\n\n\tFachm\u00e4nnisches Know-How in Genehmigungsverfahren, \u00d6kologische Bewertungen und Wirtschaftlichkeitsbetrachtungen.\n<\/div><!-- end .entry-body -->\n\n<div class=\"entry-meta hide\">\n\n\t<a href=\"http:\/\/www.gecongmbh.de\/?page_id=13\" title=\"Permalink to Beratung\" rel=\"bookmark\"><span class=\"post-format \">Permalink<\/span><\/a>\n<\/div><\/li><\/ul><!-- end .post-carousel --><\/span><\/p>\n<h6 class=\"section-title\">Arbeitsfelder<\/h6><hr class><ul class=\"post-carousel clearfix hyphenate\" data-auto=\"0\" data-scroll_count=\"1\"><li>\n\n\t\t\n\t<a href=\"http:\/\/www.gecongmbh.de\/?page_id=13\" title=\"Technische Geb\u00e4udeausr\u00fcstung\">\n\t\t<div class=\"leistungThumbnail\" style=\"background-image:url('https:\/\/gecongmbh.de\/wp-content\/uploads\/2013\/08\/icon-analgentech.png')\"><\/div>\n\t<\/a>\n\n\n<div class=\"entry-body\">\n\t<a href=\"http:\/\/www.gecongmbh.de\/?page_id=13\" title=\"Technische Geb\u00e4udeausr\u00fcstung\" rel=\"bookmark\">\n\t\t<h1 class=\"title\">Technische Geb\u00e4udeausr\u00fcstung<\/h1>\n\t<\/a>\n\n\tAbwasser-, Wasser-, Gasanlagen, W\u00e4rmeversorgungsanlagen, lufttechnische Anlagen, Medizin- und Labortechnik, Geb\u00e4udeautomation, Elektrotechnische Anlagen sind unsere Themenfelder.\n<\/div><!-- end .entry-body -->\n\n<div class=\"entry-meta hide\">\n\n\t<a href=\"http:\/\/www.gecongmbh.de\/?page_id=13\" title=\"Permalink to Technische Geb\u00e4udeausr\u00fcstung\" rel=\"bookmark\"><span class=\"post-format \">Permalink<\/span><\/a>\n<\/div><\/li><li>\n\n\t\t\n\t<a href=\"http:\/\/www.gecongmbh.de\/?page_id=13\" title=\"Umwelt- und Anlagentechnik\">\n\t\t<div class=\"leistungThumbnail\" style=\"background-image:url('https:\/\/gecongmbh.de\/wp-content\/uploads\/2013\/08\/icon-analgentech2.png')\"><\/div>\n\t<\/a>\n\n\n<div class=\"entry-body\">\n\t<a href=\"http:\/\/www.gecongmbh.de\/?page_id=13\" title=\"Umwelt- und Anlagentechnik\" rel=\"bookmark\">\n\t\t<h1 class=\"title\">Umwelt- und Anlagentechnik<\/h1>\n\t<\/a>\n\n\tNutzungsspezifische und verfahrenstechnische Anlagen, wie Wasseraufbereitung, Abwasserreinigung, Abluftreinigung und Sonderabsaugungen.\n<\/div><!-- end .entry-body -->\n\n<div class=\"entry-meta hide\">\n\n\t<a href=\"http:\/\/www.gecongmbh.de\/?page_id=13\" title=\"Permalink to Umwelt- und Anlagentechnik\" rel=\"bookmark\"><span class=\"post-format \">Permalink<\/span><\/a>\n<\/div><\/li><li>\n\n\t\t\n\t<a href=\"http:\/\/www.gecongmbh.de\/?page_id=13\" title=\"Badewassertechnik\">\n\t\t<div class=\"leistungThumbnail\" style=\"background-image:url('https:\/\/gecongmbh.de\/wp-content\/uploads\/2013\/08\/icon-badewassertech.png')\"><\/div>\n\t<\/a>\n\n\n<div class=\"entry-body\">\n\t<a href=\"http:\/\/www.gecongmbh.de\/?page_id=13\" title=\"Badewassertechnik\" rel=\"bookmark\">\n\t\t<h1 class=\"title\">Badewassertechnik<\/h1>\n\t<\/a>\n\n\tProfessionelle Unterst\u00fctzung f\u00fcr Beckensanierungen, Aufbereitungsanlagen, Attraktionen und Wellenerzeugungsanlagen.\n<\/div><!-- end .entry-body -->\n\n<div class=\"entry-meta hide\">\n\n\t<a href=\"http:\/\/www.gecongmbh.de\/?page_id=13\" title=\"Permalink to Badewassertechnik\" rel=\"bookmark\"><span class=\"post-format \">Permalink<\/span><\/a>\n<\/div><\/li><li>\n\n\t\t\n\t<a href=\"http:\/\/www.gecongmbh.de\/?page_id=13\" title=\"Sicherheit und Gefahrenabwehr\">\n\t\t<div class=\"leistungThumbnail\" style=\"background-image:url('https:\/\/gecongmbh.de\/wp-content\/uploads\/2013\/08\/icon-sicherheit.png')\"><\/div>\n\t<\/a>\n\n\n<div class=\"entry-body\">\n\t<a href=\"http:\/\/www.gecongmbh.de\/?page_id=13\" title=\"Sicherheit und Gefahrenabwehr\" rel=\"bookmark\">\n\t\t<h1 class=\"title\">Sicherheit und Gefahrenabwehr<\/h1>\n\t<\/a>\n\n\tAuf durchdachten Brand-, Explosions-, Immisionschutz sowie Arbeits- und Betriebssicherheit legen wir hohen Wert.\n<\/div><!-- end .entry-body -->\n\n<div class=\"entry-meta hide\">\n\n\t<a href=\"http:\/\/www.gecongmbh.de\/?page_id=13\" title=\"Permalink to Sicherheit und Gefahrenabwehr\" rel=\"bookmark\"><span class=\"post-format \">Permalink<\/span><\/a>\n<\/div><\/li><\/ul><!-- end .post-carousel -->\n<div class=\"infobox\">Sind Sie interessiert an einer Beratung oder haben Fragen zu unserem Angebot, kontaktieren Sie uns einfach. Wir freuen uns darauf Ihnen weiter zu helfen. <a title=\"Kontakt\" href=\"http:\/\/www.gecongmbh.de\/?page_id=17\">Hier geht es zum Kontaktformular\u00a0\u00bb<\/a><\/div>\n","protected":false},"excerpt":{"rendered":"","protected":false},"author":4,"featured_media":0,"parent":0,"menu_order":3,"comment_status":"open","ping_status":"open","template":"","meta":{"_links_to":"","_links_to_target":""},"_links":{"self":[{"href":"https:\/\/gecongmbh.de\/index.php?rest_route=\/wp\/v2\/pages\/13"}],"collection":[{"href":"https:\/\/gecongmbh.de\/index.php?rest_route=\/wp\/v2\/pages"}],"about":[{"href":"https:\/\/gecongmbh.de\/index.php?rest_route=\/wp\/v2\/types\/page"}],"author":[{"embeddable":true,"href":"https:\/\/gecongmbh.de\/index.php?rest_route=\/wp\/v2\/users\/4"}],"replies":[{"embeddable":true,"href":"https:\/\/gecongmbh.de\/index.php?rest_route=%2Fwp%2Fv2%2Fcomments&post=13"}],"version-history":[{"count":36,"href":"https:\/\/gecongmbh.de\/index.php?rest_route=\/wp\/v2\/pages\/13\/revisions"}],"predecessor-version":[{"id":14844,"href":"https:\/\/gecongmbh.de\/index.php?rest_route=\/wp\/v2\/pages\/13\/revisions\/14844"}],"wp:attachment":[{"href":"https:\/\/gecongmbh.de\/index.php?rest_route=%2Fwp%2Fv2%2Fmedia&parent=13"}],"curies":[{"name":"wp","href":"https:\/\/api.w.org\/{rel}","templated":true}]}}